{"id":420,"date":"2021-09-17T03:13:28","date_gmt":"2021-09-17T03:13:28","guid":{"rendered":"https:\/\/todogerencia.com\/index.php\/personalizar-cookies\/"},"modified":"2021-09-17T03:13:28","modified_gmt":"2021-09-17T03:13:28","slug":"personalizar-cookies","status":"publish","type":"page","link":"https:\/\/todogerencia.com\/index.php\/personalizar-cookies\/","title":{"rendered":"Personalizar Cookies"},"content":{"rendered":"\n<div>\n      <div id=\"custom-cookies-eu-label\">\n          El sitio Web https:\/\/todogerencia.com utiliza cookies propias y de terceros para su correcto funcionamiento y para fines anal\u00edticos y para mostrarte publicidad relacionada con sus preferencias en base a un perfil elaborado a partir de tus h\u00e1bitos de navegaci\u00f3n. Al hacer clic en el bot\u00f3n Aceptar, acepta el uso de estas tecnolog\u00edas y el procesamiento de sus datos para estos prop\u00f3sitos.          \n\n      <\/div>\n\n      <div id=\"custom-cookies-eu-buttons\" class=\"cookies-eu-buttons\">\n        <button id=\"custom-cookies-eu-reject\" class=\"cookies-eu-reject\">Rechazar<\/button>\n        <button id=\"custom-cookies-eu-accept\" class=\"cookies-eu-accept\">ACEPTAR TODAS LAS COOKIES<\/button><\/div>\n      <\/div>\n\n<br\/>\n<p>\n\tPuedes cambiar tus preferencias de cookies en cualquier momento si vuelves a la p\u00e1gina de Personalizar cookies, a la que puedes acceder a trav\u00e9s del Aviso de cookies. Para obtener m\u00e1s informaci\u00f3n sobre las cookies y c\u00f3mo las usamos, consulta la p\u00e1gina de <a href=\"https:\/\/todogerencia.com\/index.php\/politica-de-cookies\/\">Pol\u00edtica de Cookies<\/a>.\n<\/p>\n\n<h3>Cookies t\u00e9cnicas<\/h3>\n<p>\n\tSon aquellas que permiten a los usuarios registrados navegar a trav\u00e9s del sitio Web, del \u00e1rea restringida y a utilizar sus diferentes funciones, como por ejemplo, el sistema de comentarios o el buscador y no pueden ser desactivadas.\n<\/p>\n\n<div class=\"custom-cookies-option\">\n  <h3>Cookies de an\u00e1lisis o medici\u00f3n<\/h3>\n  <span>\n    <input type=\"radio\" name=\"cookies-analytics-option\" value=\"true\" class=\"custom-cookies-radio\" data-consent=\"ANLTCS\" id=\"custom-cookies-accept-analytics\" >\n    <label for=\"custom-cookies-accept-analytics\">Activar<\/label>\n    &nbsp;&nbsp;\n    <input type=\"radio\" name=\"cookies-analytics-option\" value=\"false\" class=\"custom-cookies-radio\" data-consent=\"ANLTCS\" id=\"custom-cookies-reject-analytics\" \n    checked>\n    <label for=\"custom-cookies-reject-analytics\">Desactivar<\/label>\n<\/span>\n<\/div>\n\n<p>\n\tSon aquellas que, bien tratadas por el sitio Web o por terceros, permiten cuantificar el n\u00famero de usuarios y as\u00ed realizar la medici\u00f3n y an\u00e1lisis estad\u00edstico de la utilizaci\u00f3n que hacen los usuarios del sitio Web. Para ello se analiza la navegaci\u00f3n que realizas en este sitio Web con el fin de mejorarlo.\n<\/p>\n\n<div class=\"custom-cookies-option\">\n  <h3>Cookies sociales<\/h3>\n  <span>\n    <input type=\"radio\" name=\"cookies-social-option\" value=\"true\" class=\"custom-cookies-radio\" data-consent=\"SCLS\" id=\"custom-cookies-accept-social\" \n    >\n    <label for=\"custom-cookies-accept-social\">Activar<\/label>\n    &nbsp;&nbsp;\n    <input type=\"radio\" name=\"cookies-social-option\" value=\"false\" class=\"custom-cookies-radio\" data-consent=\"SCLS\" id=\"custom-cookies-reject-social\" \n    checked>\n    <label for=\"custom-cookies-reject-social\">Desactivar<\/label>\n<\/span>\n<\/div>\n\n<p>\n  Son establecidas por las plataformas de redes sociales para permitir a los usuarios compartir contenido con sus amigos y redes.  \n<\/p>\n\n","protected":false},"excerpt":{"rendered":"<p>El sitio Web https:\/\/todogerencia.com utiliza cookies propias y de terceros para su correcto funcionamiento y para fines anal\u00edticos y para mostrarte publicidad relacionada con sus preferencias en base a un perfil elaborado a partir de tus h\u00e1bitos de navegaci\u00f3n. Al hacer clic en el bot\u00f3n Aceptar, acepta el uso de estas tecnolog\u00edas y el procesamiento de sus datos para estos prop\u00f3sitos. Rechazar ACEPTAR TODAS LAS COOKIES Puedes cambiar tus preferencias de cookies en cualquier momento si vuelves a la p\u00e1gina de Personalizar cookies, a la que puedes acceder a trav\u00e9s del Aviso de cookies. Para obtener m\u00e1s informaci\u00f3n sobre las cookies y c\u00f3mo las usamos, consulta la p\u00e1gina de Pol\u00edtica de Cookies. Cookies t\u00e9cnicas Son aquellas que permiten a los usuarios registrados navegar a trav\u00e9s del sitio Web, del \u00e1rea restringida y a utilizar sus diferentes funciones, como por ejemplo, el sistema de comentarios o el buscador y no pueden ser desactivadas. Cookies de an\u00e1lisis o medici\u00f3n Activar &nbsp;&nbsp; Desactivar Son aquellas que, bien tratadas por el sitio Web o por terceros, permiten cuantificar el n\u00famero de usuarios y as\u00ed realizar la medici\u00f3n y an\u00e1lisis estad\u00edstico de la utilizaci\u00f3n que hacen los usuarios del sitio Web. Para ello se analiza la navegaci\u00f3n que realizas en este sitio Web con el fin de mejorarlo. Cookies sociales Activar &nbsp;&nbsp; Desactivar Son establecidas por las plataformas de redes sociales para permitir a los usuarios compartir contenido con sus amigos y redes.<\/p>\n","protected":false},"author":1,"featured_media":0,"parent":0,"menu_order":0,"comment_status":"closed","ping_status":"closed","template":"","meta":{"footnotes":""},"class_list":["post-420","page","type-page","status-publish","hentry"],"yoast_head":"<!-- This site is optimized with the Yoast SEO plugin v24.8.1 - https:\/\/yoast.com\/wordpress\/plugins\/seo\/ -->\n<title>Personalizar Cookies - Todo Gerencia<\/title>\n<meta name=\"robots\" content=\"index, follow, max-snippet:-1, max-image-preview:large, max-video-preview:-1\" \/>\n<link rel=\"canonical\" href=\"https:\/\/todogerencia.com\/index.php\/personalizar-cookies\/\" \/>\n<meta property=\"og:locale\" content=\"es_ES\" \/>\n<meta property=\"og:type\" content=\"article\" \/>\n<meta property=\"og:title\" content=\"Personalizar Cookies - Todo Gerencia\" \/>\n<meta property=\"og:description\" content=\"El sitio Web https:\/\/todogerencia.com utiliza cookies propias y de terceros para su correcto funcionamiento y para fines anal\u00edticos y para mostrarte publicidad relacionada con sus preferencias en base a un perfil elaborado a partir de tus h\u00e1bitos de navegaci\u00f3n. Al hacer clic en el bot\u00f3n Aceptar, acepta el uso de estas tecnolog\u00edas y el procesamiento de sus datos para estos prop\u00f3sitos. Rechazar ACEPTAR TODAS LAS COOKIES Puedes cambiar tus preferencias de cookies en cualquier momento si vuelves a la p\u00e1gina de Personalizar cookies, a la que puedes acceder a trav\u00e9s del Aviso de cookies. Para obtener m\u00e1s informaci\u00f3n sobre las cookies y c\u00f3mo las usamos, consulta la p\u00e1gina de Pol\u00edtica de Cookies. Cookies t\u00e9cnicas Son aquellas que permiten a los usuarios registrados navegar a trav\u00e9s del sitio Web, del \u00e1rea restringida y a utilizar sus diferentes funciones, como por ejemplo, el sistema de comentarios o el buscador y no pueden ser desactivadas. Cookies de an\u00e1lisis o medici\u00f3n Activar &nbsp;&nbsp; Desactivar Son aquellas que, bien tratadas por el sitio Web o por terceros, permiten cuantificar el n\u00famero de usuarios y as\u00ed realizar la medici\u00f3n y an\u00e1lisis estad\u00edstico de la utilizaci\u00f3n que hacen los usuarios del sitio Web. Para ello se analiza la navegaci\u00f3n que realizas en este sitio Web con el fin de mejorarlo. Cookies sociales Activar &nbsp;&nbsp; Desactivar Son establecidas por las plataformas de redes sociales para permitir a los usuarios compartir contenido con sus amigos y redes.\" \/>\n<meta property=\"og:url\" content=\"https:\/\/todogerencia.com\/index.php\/personalizar-cookies\/\" \/>\n<meta property=\"og:site_name\" content=\"Todo Gerencia\" \/>\n<meta property=\"og:image\" content=\"https:\/\/todogerencia.com\/wp-content\/uploads\/2020\/12\/Recurso-1.png\" \/>\n\t<meta property=\"og:image:width\" content=\"534\" \/>\n\t<meta property=\"og:image:height\" content=\"267\" \/>\n\t<meta property=\"og:image:type\" content=\"image\/png\" \/>\n<meta name=\"twitter:card\" content=\"summary_large_image\" \/>\n<script type=\"application\/ld+json\" class=\"yoast-schema-graph\">{\"@context\":\"https:\/\/schema.org\",\"@graph\":[{\"@type\":\"WebPage\",\"@id\":\"https:\/\/todogerencia.com\/index.php\/personalizar-cookies\/\",\"url\":\"https:\/\/todogerencia.com\/index.php\/personalizar-cookies\/\",\"name\":\"Personalizar Cookies - Todo Gerencia\",\"isPartOf\":{\"@id\":\"https:\/\/todogerencia.com\/#website\"},\"datePublished\":\"2021-09-17T03:13:28+00:00\",\"breadcrumb\":{\"@id\":\"https:\/\/todogerencia.com\/index.php\/personalizar-cookies\/#breadcrumb\"},\"inLanguage\":\"es\",\"potentialAction\":[{\"@type\":\"ReadAction\",\"target\":[\"https:\/\/todogerencia.com\/index.php\/personalizar-cookies\/\"]}]},{\"@type\":\"BreadcrumbList\",\"@id\":\"https:\/\/todogerencia.com\/index.php\/personalizar-cookies\/#breadcrumb\",\"itemListElement\":[{\"@type\":\"ListItem\",\"position\":1,\"name\":\"Portada\",\"item\":\"https:\/\/todogerencia.com\/\"},{\"@type\":\"ListItem\",\"position\":2,\"name\":\"Personalizar Cookies\"}]},{\"@type\":\"WebSite\",\"@id\":\"https:\/\/todogerencia.com\/#website\",\"url\":\"https:\/\/todogerencia.com\/\",\"name\":\"Todo Gerencia\",\"description\":\"Educaci\u00f3n, Sociedad y Administraci\u00f3n\",\"publisher\":{\"@id\":\"https:\/\/todogerencia.com\/#\/schema\/person\/c6bff647119433c7517927fd4aa3d60b\"},\"potentialAction\":[{\"@type\":\"SearchAction\",\"target\":{\"@type\":\"EntryPoint\",\"urlTemplate\":\"https:\/\/todogerencia.com\/?s={search_term_string}\"},\"query-input\":{\"@type\":\"PropertyValueSpecification\",\"valueRequired\":true,\"valueName\":\"search_term_string\"}}],\"inLanguage\":\"es\"},{\"@type\":[\"Person\",\"Organization\"],\"@id\":\"https:\/\/todogerencia.com\/#\/schema\/person\/c6bff647119433c7517927fd4aa3d60b\",\"name\":\"Milena Picado\",\"image\":{\"@type\":\"ImageObject\",\"inLanguage\":\"es\",\"@id\":\"https:\/\/todogerencia.com\/#\/schema\/person\/image\/\",\"url\":\"https:\/\/secure.gravatar.com\/avatar\/e4a170d0d724a03776c64ed0e5359c91?s=96&d=mm&r=g\",\"contentUrl\":\"https:\/\/secure.gravatar.com\/avatar\/e4a170d0d724a03776c64ed0e5359c91?s=96&d=mm&r=g\",\"caption\":\"Milena Picado\"},\"logo\":{\"@id\":\"https:\/\/todogerencia.com\/#\/schema\/person\/image\/\"},\"sameAs\":[\"https:\/\/todogerencia.com\"]}]}<\/script>\n<!-- \/ Yoast SEO plugin. -->","yoast_head_json":{"title":"Personalizar Cookies - Todo Gerencia","robots":{"index":"index","follow":"follow","max-snippet":"max-snippet:-1","max-image-preview":"max-image-preview:large","max-video-preview":"max-video-preview:-1"},"canonical":"https:\/\/todogerencia.com\/index.php\/personalizar-cookies\/","og_locale":"es_ES","og_type":"article","og_title":"Personalizar Cookies - Todo Gerencia","og_description":"El sitio Web https:\/\/todogerencia.com utiliza cookies propias y de terceros para su correcto funcionamiento y para fines anal\u00edticos y para mostrarte publicidad relacionada con sus preferencias en base a un perfil elaborado a partir de tus h\u00e1bitos de navegaci\u00f3n. Al hacer clic en el bot\u00f3n Aceptar, acepta el uso de estas tecnolog\u00edas y el procesamiento de sus datos para estos prop\u00f3sitos. Rechazar ACEPTAR TODAS LAS COOKIES Puedes cambiar tus preferencias de cookies en cualquier momento si vuelves a la p\u00e1gina de Personalizar cookies, a la que puedes acceder a trav\u00e9s del Aviso de cookies. Para obtener m\u00e1s informaci\u00f3n sobre las cookies y c\u00f3mo las usamos, consulta la p\u00e1gina de Pol\u00edtica de Cookies. Cookies t\u00e9cnicas Son aquellas que permiten a los usuarios registrados navegar a trav\u00e9s del sitio Web, del \u00e1rea restringida y a utilizar sus diferentes funciones, como por ejemplo, el sistema de comentarios o el buscador y no pueden ser desactivadas. Cookies de an\u00e1lisis o medici\u00f3n Activar &nbsp;&nbsp; Desactivar Son aquellas que, bien tratadas por el sitio Web o por terceros, permiten cuantificar el n\u00famero de usuarios y as\u00ed realizar la medici\u00f3n y an\u00e1lisis estad\u00edstico de la utilizaci\u00f3n que hacen los usuarios del sitio Web. Para ello se analiza la navegaci\u00f3n que realizas en este sitio Web con el fin de mejorarlo. Cookies sociales Activar &nbsp;&nbsp; Desactivar Son establecidas por las plataformas de redes sociales para permitir a los usuarios compartir contenido con sus amigos y redes.","og_url":"https:\/\/todogerencia.com\/index.php\/personalizar-cookies\/","og_site_name":"Todo Gerencia","og_image":[{"width":534,"height":267,"url":"https:\/\/todogerencia.com\/wp-content\/uploads\/2020\/12\/Recurso-1.png","type":"image\/png"}],"twitter_card":"summary_large_image","schema":{"@context":"https:\/\/schema.org","@graph":[{"@type":"WebPage","@id":"https:\/\/todogerencia.com\/index.php\/personalizar-cookies\/","url":"https:\/\/todogerencia.com\/index.php\/personalizar-cookies\/","name":"Personalizar Cookies - Todo Gerencia","isPartOf":{"@id":"https:\/\/todogerencia.com\/#website"},"datePublished":"2021-09-17T03:13:28+00:00","breadcrumb":{"@id":"https:\/\/todogerencia.com\/index.php\/personalizar-cookies\/#breadcrumb"},"inLanguage":"es","potentialAction":[{"@type":"ReadAction","target":["https:\/\/todogerencia.com\/index.php\/personalizar-cookies\/"]}]},{"@type":"BreadcrumbList","@id":"https:\/\/todogerencia.com\/index.php\/personalizar-cookies\/#breadcrumb","itemListElement":[{"@type":"ListItem","position":1,"name":"Portada","item":"https:\/\/todogerencia.com\/"},{"@type":"ListItem","position":2,"name":"Personalizar Cookies"}]},{"@type":"WebSite","@id":"https:\/\/todogerencia.com\/#website","url":"https:\/\/todogerencia.com\/","name":"Todo Gerencia","description":"Educaci\u00f3n, Sociedad y Administraci\u00f3n","publisher":{"@id":"https:\/\/todogerencia.com\/#\/schema\/person\/c6bff647119433c7517927fd4aa3d60b"},"potentialAction":[{"@type":"SearchAction","target":{"@type":"EntryPoint","urlTemplate":"https:\/\/todogerencia.com\/?s={search_term_string}"},"query-input":{"@type":"PropertyValueSpecification","valueRequired":true,"valueName":"search_term_string"}}],"inLanguage":"es"},{"@type":["Person","Organization"],"@id":"https:\/\/todogerencia.com\/#\/schema\/person\/c6bff647119433c7517927fd4aa3d60b","name":"Milena Picado","image":{"@type":"ImageObject","inLanguage":"es","@id":"https:\/\/todogerencia.com\/#\/schema\/person\/image\/","url":"https:\/\/secure.gravatar.com\/avatar\/e4a170d0d724a03776c64ed0e5359c91?s=96&d=mm&r=g","contentUrl":"https:\/\/secure.gravatar.com\/avatar\/e4a170d0d724a03776c64ed0e5359c91?s=96&d=mm&r=g","caption":"Milena Picado"},"logo":{"@id":"https:\/\/todogerencia.com\/#\/schema\/person\/image\/"},"sameAs":["https:\/\/todogerencia.com"]}]}},"_links":{"self":[{"href":"https:\/\/todogerencia.com\/index.php\/wp-json\/wp\/v2\/pages\/420","targetHints":{"allow":["GET"]}}],"collection":[{"href":"https:\/\/todogerencia.com\/index.php\/wp-json\/wp\/v2\/pages"}],"about":[{"href":"https:\/\/todogerencia.com\/index.php\/wp-json\/wp\/v2\/types\/page"}],"author":[{"embeddable":true,"href":"https:\/\/todogerencia.com\/index.php\/wp-json\/wp\/v2\/users\/1"}],"replies":[{"embeddable":true,"href":"https:\/\/todogerencia.com\/index.php\/wp-json\/wp\/v2\/comments?post=420"}],"version-history":[{"count":0,"href":"https:\/\/todogerencia.com\/index.php\/wp-json\/wp\/v2\/pages\/420\/revisions"}],"wp:attachment":[{"href":"https:\/\/todogerencia.com\/index.php\/wp-json\/wp\/v2\/media?parent=420"}],"curies":[{"name":"wp","href":"https:\/\/api.w.org\/{rel}","templated":true}]}}